{"id":401,"date":"2020-11-08T09:51:01","date_gmt":"2020-11-08T08:51:01","guid":{"rendered":"http:\/\/catsandducks.de\/?page_id=401"},"modified":"2020-11-18T18:05:44","modified_gmt":"2020-11-18T17:05:44","slug":"bachblueten-therapie","status":"publish","type":"page","link":"http:\/\/catsandducks.de\/index.php\/bachblueten-therapie\/","title":{"rendered":"Bachbl\u00fcten Therapie"},"content":{"rendered":"\t\t<div data-elementor-type=\"wp-page\" data-elementor-id=\"401\" class=\"elementor elementor-401\">\n\t\t\t\t\t\t<div class=\"elementor-inner\">\n\t\t\t\t<div class=\"elementor-section-wrap\">\n\t\t\t\t\t\t\t\t\t<section class=\"elementor-section elementor-top-section elementor-element elementor-element-abd7e76 elementor-section-boxed elementor-section-height-default elementor-section-height-default\" data-id=\"abd7e76\" data-element_type=\"section\">\n\t\t\t\t\t\t<div class=\"elementor-container elementor-column-gap-default\">\n\t\t\t\t\t\t\t<div class=\"elementor-row\">\n\t\t\t\t\t<div class=\"elementor-column elementor-col-100 elementor-top-column elementor-element elementor-element-6e32de8\" data-id=\"6e32de8\" data-element_type=\"column\">\n\t\t\t<div class=\"elementor-column-wrap elementor-element-populated\">\n\t\t\t\t\t\t\t<div class=\"elementor-widget-wrap\">\n\t\t\t\t\t\t<div class=\"elementor-element elementor-element-a2a27cc elementor-widget elementor-widget-image\" data-id=\"a2a27cc\" data-element_type=\"widget\" data-widget_type=\"image.default\">\n\t\t\t\t<div class=\"elementor-widget-container\">\n\t\t\t\t\t\t\t\t<div class=\"elementor-image\">\n\t\t\t\t\t\t\t\t\t\t\t\t<img src=\"http:\/\/catsandducks.de\/wordpress\/wp-content\/uploads\/elementor\/thumbs\/Bachblueten_01-oy3tn15g6lxwhcl22p3cl3701prom9qeelyw74z1y8.jpg\" title=\"Bachbl\u00fcten_01\" alt=\"Bachbl\u00fcten_01\" \/>\t\t\t\t\t\t\t\t\t\t\t\t\t\t<\/div>\n\t\t\t\t\t\t<\/div>\n\t\t\t\t<\/div>\n\t\t\t\t\t\t<\/div>\n\t\t\t\t\t<\/div>\n\t\t<\/div>\n\t\t\t\t\t\t\t\t<\/div>\n\t\t\t\t\t<\/div>\n\t\t<\/section>\n\t\t\t\t<section class=\"elementor-section elementor-top-section elementor-element elementor-element-105973d elementor-section-boxed elementor-section-height-default elementor-section-height-default\" data-id=\"105973d\" data-element_type=\"section\">\n\t\t\t\t\t\t<div class=\"elementor-container elementor-column-gap-default\">\n\t\t\t\t\t\t\t<div class=\"elementor-row\">\n\t\t\t\t\t<div class=\"elementor-column elementor-col-100 elementor-top-column elementor-element elementor-element-659fe68\" data-id=\"659fe68\" data-element_type=\"column\">\n\t\t\t<div class=\"elementor-column-wrap elementor-element-populated\">\n\t\t\t\t\t\t\t<div class=\"elementor-widget-wrap\">\n\t\t\t\t\t\t<div class=\"elementor-element elementor-element-4e92a07 elementor-widget elementor-widget-text-editor\" data-id=\"4e92a07\" data-element_type=\"widget\" data-widget_type=\"text-editor.default\">\n\t\t\t\t<div class=\"elementor-widget-container\">\n\t\t\t\t\t\t\t\t<div class=\"elementor-text-editor elementor-clearfix\">\n\t\t\t\t<p style=\"text-align: justify;\">Die Therapie mit den Bl\u00fctenessenzen wurde vom Arzt Edward Bach entwickelt und nach ihm benannt. Bach lebte von 1886 bis 1936 und ging davon aus, dass k\u00f6rperliche Krankheiten oder psychische Beeintr\u00e4chtigungen immer auch mit einer St\u00f6rung des seelischen Gleichgewichts einhergehen.<\/p><p style=\"text-align: justify;\"><strong>Bachbl\u00fcten <\/strong>wirken auf seelischer Ebene und sollen das Gem\u00fct des Tieres ins Gleichgewicht bringen. Daher werden <strong>Bachbl\u00fcten f\u00fcr Tiere <\/strong>haupts\u00e4chlich genutzt, um auf energetischer Ebene Impulse zu setzen, die eine positive Verhaltens\u00e4nderung bewirken k\u00f6nnen, woraus der gesamte Organismus einen Nutzen ziehen kann.<\/p><p style=\"text-align: justify;\"><strong>Bachbl\u00fcten f\u00fcr Tiere <\/strong>einzusetzen, hat sich seit Jahrzehnten bew\u00e4hrt und erm\u00f6glicht es, auf besonders sanfte und vertr\u00e4gliche Weise auf das Tier einzuwirken. Egal, ob Haustiere wie Hunde, Katzen, Pferde, V\u00f6gel, Nagetiere oder Reptilien, Nutztiere wie H\u00fchner, Schweine oder Rinder, oder sogar Wildtiere in freier Natur Bachbl\u00fcten sind f\u00fcr jedes Tier geeignet, denn jedes Tier hat eine Seele.<\/p><p style=\"text-align: justify;\">Die Anwendung ist frei von Nebenwirkungen und damit v\u00f6llig unbedenklich. Sie l\u00e4sst sich auch hervorragend mit anderen Behandlungsformen kombinieren.<\/p><p style=\"text-align: justify;\">Die Behandlungsdauer mit Bachbl\u00fcten ist bei Tieren in der Regel k\u00fcrzer als bei Menschen, da das Bewusstsein der Tiere st\u00e4rker mit ihrer Seele verbunden ist, sodass sich bei der richtigen Auswahl der Essenzen h\u00e4ufig schon nach wenigen Tagen eine Ver\u00e4nderung der Stimmung eines Tieres beobachten l\u00e4sst.<\/p><p style=\"text-align: justify;\">Bei der Auswahl der Mittel richtet man sich immer nach den emotionalen Regungen und dem aktuellen Gem\u00fctszustand.<\/p><p style=\"text-align: justify;\">Es gibt 38 verschiedene Bl\u00fcten plus die Nr. 39 die Rescue Remedy Notfall Mischung.<\/p><p style=\"text-align: justify;\">Um die richtigen Bl\u00fcten f\u00fcr Ihr Tier zu finden werde ich die Tiere immer vor Ort besuchen und zun\u00e4chst einmal viele Informationen rund um den aktuellen Zustand erfragen sowie Ihr Tier genau beobachten.<\/p><p style=\"text-align: justify;\">\u00a0Danach erstelle Ich individuell f\u00fcr Ihr Tier einen Therapieplan.<\/p>\t\t\t\t\t<\/div>\n\t\t\t\t\t\t<\/div>\n\t\t\t\t<\/div>\n\t\t\t\t\t\t<\/div>\n\t\t\t\t\t<\/div>\n\t\t<\/div>\n\t\t\t\t\t\t\t\t<\/div>\n\t\t\t\t\t<\/div>\n\t\t<\/section>\n\t\t\t\t<section class=\"elementor-section elementor-top-section elementor-element elementor-element-f8b9926 elementor-section-boxed elementor-section-height-default elementor-section-height-default\" data-id=\"f8b9926\" data-element_type=\"section\">\n\t\t\t\t\t\t<div class=\"elementor-container elementor-column-gap-default\">\n\t\t\t\t\t\t\t<div class=\"elementor-row\">\n\t\t\t\t\t<div class=\"elementor-column elementor-col-100 elementor-top-column elementor-element elementor-element-804eb74\" data-id=\"804eb74\" data-element_type=\"column\">\n\t\t\t<div class=\"elementor-column-wrap elementor-element-populated\">\n\t\t\t\t\t\t\t<div class=\"elementor-widget-wrap\">\n\t\t\t\t\t\t<div class=\"elementor-element elementor-element-5352605 elementor-widget elementor-widget-spacer\" data-id=\"5352605\" data-element_type=\"widget\" data-widget_type=\"spacer.default\">\n\t\t\t\t<div class=\"elementor-widget-container\">\n\t\t\t\t\t<div class=\"elementor-spacer\">\n\t\t\t<div class=\"elementor-spacer-inner\"><\/div>\n\t\t<\/div>\n\t\t\t\t<\/div>\n\t\t\t\t<\/div>\n\t\t\t\t\t\t<\/div>\n\t\t\t\t\t<\/div>\n\t\t<\/div>\n\t\t\t\t\t\t\t\t<\/div>\n\t\t\t\t\t<\/div>\n\t\t<\/section>\n\t\t\t\t<section class=\"elementor-section elementor-top-section elementor-element elementor-element-21da96f elementor-section-boxed elementor-section-height-default elementor-section-height-default\" data-id=\"21da96f\" data-element_type=\"section\">\n\t\t\t\t\t\t<div class=\"elementor-container elementor-column-gap-default\">\n\t\t\t\t\t\t\t<div class=\"elementor-row\">\n\t\t\t\t\t<div class=\"elementor-column elementor-col-100 elementor-top-column elementor-element elementor-element-ce66c63\" data-id=\"ce66c63\" data-element_type=\"column\">\n\t\t\t<div class=\"elementor-column-wrap elementor-element-populated\">\n\t\t\t\t\t\t\t<div class=\"elementor-widget-wrap\">\n\t\t\t\t\t\t<div class=\"elementor-element elementor-element-3ceaeda elementor-widget-divider--view-line elementor-widget elementor-widget-divider\" data-id=\"3ceaeda\" data-element_type=\"widget\" data-widget_type=\"divider.default\">\n\t\t\t\t<div class=\"elementor-widget-container\">\n\t\t\t\t\t<div class=\"elementor-divider\">\n\t\t\t<span class=\"elementor-divider-separator\">\n\t\t\t\t\t\t<\/span>\n\t\t<\/div>\n\t\t\t\t<\/div>\n\t\t\t\t<\/div>\n\t\t\t\t\t\t<\/div>\n\t\t\t\t\t<\/div>\n\t\t<\/div>\n\t\t\t\t\t\t\t\t<\/div>\n\t\t\t\t\t<\/div>\n\t\t<\/section>\n\t\t\t\t<section class=\"elementor-section elementor-top-section elementor-element elementor-element-9390bea elementor-section-boxed elementor-section-height-default elementor-section-height-default\" data-id=\"9390bea\" data-element_type=\"section\">\n\t\t\t\t\t\t<div class=\"elementor-container elementor-column-gap-default\">\n\t\t\t\t\t\t\t<div class=\"elementor-row\">\n\t\t\t\t\t<div class=\"elementor-column elementor-col-100 elementor-top-column elementor-element elementor-element-0389c8b\" data-id=\"0389c8b\" data-element_type=\"column\">\n\t\t\t<div class=\"elementor-column-wrap elementor-element-populated\">\n\t\t\t\t\t\t\t<div class=\"elementor-widget-wrap\">\n\t\t\t\t\t\t<div class=\"elementor-element elementor-element-9192c00 elementor-widget elementor-widget-image\" data-id=\"9192c00\" data-element_type=\"widget\" data-widget_type=\"image.default\">\n\t\t\t\t<div class=\"elementor-widget-container\">\n\t\t\t\t\t\t\t\t<div class=\"elementor-image\">\n\t\t\t\t\t\t\t\t\t\t\t\t<img width=\"300\" height=\"166\" src=\"http:\/\/catsandducks.de\/wordpress\/wp-content\/uploads\/2020\/11\/Cats-and-Ducks_HTSTHP-300x166.jpg\" class=\"attachment-medium size-medium\" alt=\"\" loading=\"lazy\" srcset=\"http:\/\/catsandducks.de\/wordpress\/wp-content\/uploads\/2020\/11\/Cats-and-Ducks_HTSTHP-300x166.jpg 300w, http:\/\/catsandducks.de\/wordpress\/wp-content\/uploads\/2020\/11\/Cats-and-Ducks_HTSTHP.jpg 480w\" sizes=\"(max-width: 300px) 100vw, 300px\" \/>\t\t\t\t\t\t\t\t\t\t\t\t\t\t<\/div>\n\t\t\t\t\t\t<\/div>\n\t\t\t\t<\/div>\n\t\t\t\t\t\t<\/div>\n\t\t\t\t\t<\/div>\n\t\t<\/div>\n\t\t\t\t\t\t\t\t<\/div>\n\t\t\t\t\t<\/div>\n\t\t<\/section>\n\t\t\t\t\t\t\t\t\t<\/div>\n\t\t\t<\/div>\n\t\t\t\t\t<\/div>\n\t\t","protected":false},"excerpt":{"rendered":"<p>Die Therapie mit den Bl\u00fctenessenzen wurde vom Arzt Edward Bach entwickelt und nach ihm benannt. Bach lebte von 1886 bis 1936 und ging davon aus, dass k\u00f6rperliche Krankheiten oder psychische Beeintr\u00e4chtigungen immer auch mit einer St\u00f6rung des seelischen Gleichgewichts einhergehen. Bachbl\u00fcten wirken auf seelischer Ebene und sollen das Gem\u00fct des Tieres ins Gleichgewicht bringen. Daher [&hellip;]<\/p>\n","protected":false},"author":2,"featured_media":0,"parent":0,"menu_order":0,"comment_status":"closed","ping_status":"closed","template":"","meta":{"ocean_post_layout":"","ocean_both_sidebars_style":"","ocean_both_sidebars_content_width":0,"ocean_both_sidebars_sidebars_width":0,"ocean_sidebar":"0","ocean_second_sidebar":"0","ocean_disable_margins":"enable","ocean_add_body_class":"","ocean_shortcode_before_top_bar":"","ocean_shortcode_after_top_bar":"","ocean_shortcode_before_header":"","ocean_shortcode_after_header":"","ocean_has_shortcode":"","ocean_shortcode_after_title":"","ocean_shortcode_before_footer_widgets":"","ocean_shortcode_after_footer_widgets":"","ocean_shortcode_before_footer_bottom":"","ocean_shortcode_after_footer_bottom":"","ocean_display_top_bar":"default","ocean_display_header":"default","ocean_header_style":"","ocean_center_header_left_menu":"0","ocean_custom_header_template":"0","ocean_custom_logo":0,"ocean_custom_retina_logo":0,"ocean_custom_logo_max_width":0,"ocean_custom_logo_tablet_max_width":0,"ocean_custom_logo_mobile_max_width":0,"ocean_custom_logo_max_height":0,"ocean_custom_logo_tablet_max_height":0,"ocean_custom_logo_mobile_max_height":0,"ocean_header_custom_menu":"0","ocean_menu_typo_font_family":"0","ocean_menu_typo_font_subset":"","ocean_menu_typo_font_size":0,"ocean_menu_typo_font_size_tablet":0,"ocean_menu_typo_font_size_mobile":0,"ocean_menu_typo_font_size_unit":"px","ocean_menu_typo_font_weight":"","ocean_menu_typo_font_weight_tablet":"","ocean_menu_typo_font_weight_mobile":"","ocean_menu_typo_transform":"","ocean_menu_typo_transform_tablet":"","ocean_menu_typo_transform_mobile":"","ocean_menu_typo_line_height":0,"ocean_menu_typo_line_height_tablet":0,"ocean_menu_typo_line_height_mobile":0,"ocean_menu_typo_line_height_unit":"","ocean_menu_typo_spacing":0,"ocean_menu_typo_spacing_tablet":0,"ocean_menu_typo_spacing_mobile":0,"ocean_menu_typo_spacing_unit":"","ocean_menu_link_color":"","ocean_menu_link_color_hover":"","ocean_menu_link_color_active":"","ocean_menu_link_background":"","ocean_menu_link_hover_background":"","ocean_menu_link_active_background":"","ocean_menu_social_links_bg":"","ocean_menu_social_hover_links_bg":"","ocean_menu_social_links_color":"","ocean_menu_social_hover_links_color":"","ocean_disable_title":"default","ocean_disable_heading":"default","ocean_post_title":"","ocean_post_subheading":"","ocean_post_title_style":"","ocean_post_title_background_color":"","ocean_post_title_background":0,"ocean_post_title_bg_image_position":"","ocean_post_title_bg_image_attachment":"","ocean_post_title_bg_image_repeat":"","ocean_post_title_bg_image_size":"","ocean_post_title_height":0,"ocean_post_title_bg_overlay":0.5,"ocean_post_title_bg_overlay_color":"","ocean_disable_breadcrumbs":"default","ocean_breadcrumbs_color":"","ocean_breadcrumbs_separator_color":"","ocean_breadcrumbs_links_color":"","ocean_breadcrumbs_links_hover_color":"","ocean_display_footer_widgets":"default","ocean_display_footer_bottom":"default","ocean_custom_footer_template":"0"},"_links":{"self":[{"href":"http:\/\/catsandducks.de\/index.php\/wp-json\/wp\/v2\/pages\/401"}],"collection":[{"href":"http:\/\/catsandducks.de\/index.php\/wp-json\/wp\/v2\/pages"}],"about":[{"href":"http:\/\/catsandducks.de\/index.php\/wp-json\/wp\/v2\/types\/page"}],"author":[{"embeddable":true,"href":"http:\/\/catsandducks.de\/index.php\/wp-json\/wp\/v2\/users\/2"}],"replies":[{"embeddable":true,"href":"http:\/\/catsandducks.de\/index.php\/wp-json\/wp\/v2\/comments?post=401"}],"version-history":[{"count":28,"href":"http:\/\/catsandducks.de\/index.php\/wp-json\/wp\/v2\/pages\/401\/revisions"}],"predecessor-version":[{"id":602,"href":"http:\/\/catsandducks.de\/index.php\/wp-json\/wp\/v2\/pages\/401\/revisions\/602"}],"wp:attachment":[{"href":"http:\/\/catsandducks.de\/index.php\/wp-json\/wp\/v2\/media?parent=401"}],"curies":[{"name":"wp","href":"https:\/\/api.w.org\/{rel}","templated":true}]}}